{"id":56,"date":"2020-04-02T10:51:35","date_gmt":"2020-04-02T10:51:35","guid":{"rendered":"http:\/\/karin-zehrer.de\/?page_id=56"},"modified":"2021-08-23T14:10:20","modified_gmt":"2021-08-23T14:10:20","slug":"ueber-mich","status":"publish","type":"page","link":"https:\/\/karin-zehrer.de\/?page_id=56","title":{"rendered":"\u00fcber mich"},"content":{"rendered":"\n<p>geboren 1968, aufgewachsen und sozialisiert im d\u00f6rflichen und gleichzeitig Ruhrgebietsnahen Westfalen. Ein Bauernkind, das die Katholische Grundschule und Gesamtschule im Nordrhein-Westfalen der sp\u00e4ten 70er und 80er Jahre besucht. Abitur 1987. Studium der Landschaftsplanung, anfangs im Mauerberlin. Auslandsaufenthalte, darunter viele Monate in den USA. Abschluss 1994 als Diplom-Ingenieurin der Landschaftsplanung. Ein querschnittsorientierter Studiengang, der f\u00fcr gute Grundlagen in Botanik, Raumplanung, Soziologie, Architektur und Kunstgeschichte sorgte und gleichzeitig Chancen f\u00fcr fast jeden Allrounder bot. Heirat und Familiengr\u00fcndung. Umzug ins beschauliche Rahnsdorf, Ortsteil von K\u00f6penick. Leben auf dem Dorf mit Berliner Autokennzeichen.  Im Jahr 2005 kommt noch eine Tochter dazu. Und ein Kater, der sich um die \u00f6rtliche M\u00e4use- und Vogelpopulation k\u00fcmmert. An vielen Schnittstellen des Lebens gearbeitet, entgeltlich und unentgeltlich. Bekenntnis zur Sozialdemokratie. Leidenschaftlich Politik gemacht,  knappe Wahlniederlagen kassiert und jetzt mit Leidenschaft im organisierten Sport unterwegs. <\/p>\n","protected":false},"excerpt":{"rendered":"<p>geboren 1968, aufgewachsen und sozialisiert im d\u00f6rflichen und gleichzeitig Ruhrgebietsnahen Westfalen. Ein Bauernkind, das die Katholische Grundschule und Gesamtschule im Nordrhein-Westfalen der sp\u00e4ten 70er und 80er Jahre besucht. Abitur 1987. Studium der Landschaftsplanung, anfangs im Mauerberlin. Auslandsaufenthalte, darunter viele Monate in den USA. Abschluss 1994 als Diplom-Ingenieurin der Landschaftsplanung. Ein querschnittsorientierter Studiengang, der f\u00fcr gute &hellip; <\/p>\n<p class=\"link-more\"><a href=\"https:\/\/karin-zehrer.de\/?page_id=56\" class=\"more-link\"><span class=\"screen-reader-text\">\u201e\u00fcber mich\u201c<\/span> weiterlesen<\/a><\/p>\n","protected":false},"author":1,"featured_media":0,"parent":0,"menu_order":0,"comment_status":"closed","ping_status":"closed","template":"","meta":[],"_links":{"self":[{"href":"https:\/\/karin-zehrer.de\/index.php?rest_route=\/wp\/v2\/pages\/56"}],"collection":[{"href":"https:\/\/karin-zehrer.de\/index.php?rest_route=\/wp\/v2\/pages"}],"about":[{"href":"https:\/\/karin-zehrer.de\/index.php?rest_route=\/wp\/v2\/types\/page"}],"author":[{"embeddable":true,"href":"https:\/\/karin-zehrer.de\/index.php?rest_route=\/wp\/v2\/users\/1"}],"replies":[{"embeddable":true,"href":"https:\/\/karin-zehrer.de\/index.php?rest_route=%2Fwp%2Fv2%2Fcomments&post=56"}],"version-history":[{"count":7,"href":"https:\/\/karin-zehrer.de\/index.php?rest_route=\/wp\/v2\/pages\/56\/revisions"}],"predecessor-version":[{"id":97,"href":"https:\/\/karin-zehrer.de\/index.php?rest_route=\/wp\/v2\/pages\/56\/revisions\/97"}],"wp:attachment":[{"href":"https:\/\/karin-zehrer.de\/index.php?rest_route=%2Fwp%2Fv2%2Fmedia&parent=56"}],"curies":[{"name":"wp","href":"https:\/\/api.w.org\/{rel}","templated":true}]}}