{"id":51,"date":"2020-04-02T10:45:38","date_gmt":"2020-04-02T10:45:38","guid":{"rendered":"http:\/\/karin-zehrer.de\/?page_id=51"},"modified":"2023-11-12T11:08:31","modified_gmt":"2023-11-12T11:08:31","slug":"und-ein-gruener-daumen","status":"publish","type":"page","link":"https:\/\/karin-zehrer.de\/?page_id=51","title":{"rendered":"und ein gr\u00fcner Daumen"},"content":{"rendered":"\n<figure class=\"wp-block-image size-large\"><img loading=\"lazy\" width=\"724\" height=\"1024\" src=\"https:\/\/karin-zehrer.de\/wp-content\/uploads\/2020\/04\/Diplomurkunde-Karin-Zehrer-1994-724x1024.jpg\" alt=\"\" class=\"wp-image-71\" srcset=\"https:\/\/karin-zehrer.de\/wp-content\/uploads\/2020\/04\/Diplomurkunde-Karin-Zehrer-1994-724x1024.jpg 724w, https:\/\/karin-zehrer.de\/wp-content\/uploads\/2020\/04\/Diplomurkunde-Karin-Zehrer-1994-212x300.jpg 212w, https:\/\/karin-zehrer.de\/wp-content\/uploads\/2020\/04\/Diplomurkunde-Karin-Zehrer-1994-768x1086.jpg 768w, https:\/\/karin-zehrer.de\/wp-content\/uploads\/2020\/04\/Diplomurkunde-Karin-Zehrer-1994-1086x1536.jpg 1086w, https:\/\/karin-zehrer.de\/wp-content\/uploads\/2020\/04\/Diplomurkunde-Karin-Zehrer-1994-1448x2048.jpg 1448w, https:\/\/karin-zehrer.de\/wp-content\/uploads\/2020\/04\/Diplomurkunde-Karin-Zehrer-1994.jpg 1653w\" sizes=\"(max-width: 724px) 100vw, 724px\" \/><\/figure>\n\n\n\n<p>Mehr als ein gr\u00fcner Daumen, genau genommen zehn geschickte Finger, die sich zum Ausgleich f\u00fcr die Tastatur gern im Staudenbeet bewegen. Aus der Leidenschaft f\u00fcr das Land wurde ein Beruf. <\/p>\n\n\n\n<p><\/p>\n\n\n\n<p><br><\/p>\n","protected":false},"excerpt":{"rendered":"<p>Mehr als ein gr\u00fcner Daumen, genau genommen zehn geschickte Finger, die sich zum Ausgleich f\u00fcr die Tastatur gern im Staudenbeet bewegen. Aus der Leidenschaft f\u00fcr das Land wurde ein Beruf.<\/p>\n","protected":false},"author":1,"featured_media":0,"parent":0,"menu_order":0,"comment_status":"closed","ping_status":"closed","template":"","meta":[],"_links":{"self":[{"href":"https:\/\/karin-zehrer.de\/index.php?rest_route=\/wp\/v2\/pages\/51"}],"collection":[{"href":"https:\/\/karin-zehrer.de\/index.php?rest_route=\/wp\/v2\/pages"}],"about":[{"href":"https:\/\/karin-zehrer.de\/index.php?rest_route=\/wp\/v2\/types\/page"}],"author":[{"embeddable":true,"href":"https:\/\/karin-zehrer.de\/index.php?rest_route=\/wp\/v2\/users\/1"}],"replies":[{"embeddable":true,"href":"https:\/\/karin-zehrer.de\/index.php?rest_route=%2Fwp%2Fv2%2Fcomments&post=51"}],"version-history":[{"count":7,"href":"https:\/\/karin-zehrer.de\/index.php?rest_route=\/wp\/v2\/pages\/51\/revisions"}],"predecessor-version":[{"id":106,"href":"https:\/\/karin-zehrer.de\/index.php?rest_route=\/wp\/v2\/pages\/51\/revisions\/106"}],"wp:attachment":[{"href":"https:\/\/karin-zehrer.de\/index.php?rest_route=%2Fwp%2Fv2%2Fmedia&parent=51"}],"curies":[{"name":"wp","href":"https:\/\/api.w.org\/{rel}","templated":true}]}}