{"id":41,"date":"2020-04-02T08:37:08","date_gmt":"2020-04-02T08:37:08","guid":{"rendered":"http:\/\/karin-zehrer.de\/?page_id=41"},"modified":"2023-11-12T11:21:02","modified_gmt":"2023-11-12T11:21:02","slug":"sport","status":"publish","type":"page","link":"https:\/\/karin-zehrer.de\/?page_id=41","title":{"rendered":"Sport, Beruf und Berufung"},"content":{"rendered":"\n<figure class=\"wp-block-image size-large\"><img loading=\"lazy\" width=\"988\" height=\"746\" src=\"https:\/\/karin-zehrer.de\/wp-content\/uploads\/2023\/11\/DOSB-Lizenz-C.png\" alt=\"\" class=\"wp-image-108\" srcset=\"https:\/\/karin-zehrer.de\/wp-content\/uploads\/2023\/11\/DOSB-Lizenz-C.png 988w, https:\/\/karin-zehrer.de\/wp-content\/uploads\/2023\/11\/DOSB-Lizenz-C-300x227.png 300w, https:\/\/karin-zehrer.de\/wp-content\/uploads\/2023\/11\/DOSB-Lizenz-C-768x580.png 768w\" sizes=\"(max-width: 767px) 89vw, (max-width: 1000px) 54vw, (max-width: 1071px) 543px, 580px\" \/><\/figure>\n\n\n\n<p>Als Vereinsmanagerin (DOSB-C-Lizenz) und \u00dcbungsleiterin h\u00e4ngt mein Herz am organisierten Sport und war mein berufliches Standbein von 2018 bis 2023. Privat gern auf dem SUP, auf dem Rad, auf Inlinern oder mit Nordic-Walking-St\u00f6cken unterwegs, mit Wanderstiefeln in den Alpen, mit Langhanteln auf den Schultern im Studio oder mit viel Spa\u00df und Freundinnen Zumba-tanzend am M\u00fcggelsee. <\/p>\n\n\n\n<p>Sport ist Gesundheit, Sinn und Freude am Leben. <\/p>\n\n\n\n<p><\/p>\n\n\n\n<p><\/p>\n","protected":false},"excerpt":{"rendered":"<p>Als Vereinsmanagerin (DOSB-C-Lizenz) und \u00dcbungsleiterin h\u00e4ngt mein Herz am organisierten Sport und war mein berufliches Standbein von 2018 bis 2023. Privat gern auf dem SUP, auf dem Rad, auf Inlinern oder mit Nordic-Walking-St\u00f6cken unterwegs, mit Wanderstiefeln in den Alpen, mit Langhanteln auf den Schultern im Studio oder mit viel Spa\u00df und Freundinnen Zumba-tanzend am M\u00fcggelsee. &hellip; <\/p>\n<p class=\"link-more\"><a href=\"https:\/\/karin-zehrer.de\/?page_id=41\" class=\"more-link\"><span class=\"screen-reader-text\">\u201eSport, Beruf und Berufung\u201c<\/span> weiterlesen<\/a><\/p>\n","protected":false},"author":1,"featured_media":0,"parent":0,"menu_order":0,"comment_status":"closed","ping_status":"closed","template":"","meta":[],"_links":{"self":[{"href":"https:\/\/karin-zehrer.de\/index.php?rest_route=\/wp\/v2\/pages\/41"}],"collection":[{"href":"https:\/\/karin-zehrer.de\/index.php?rest_route=\/wp\/v2\/pages"}],"about":[{"href":"https:\/\/karin-zehrer.de\/index.php?rest_route=\/wp\/v2\/types\/page"}],"author":[{"embeddable":true,"href":"https:\/\/karin-zehrer.de\/index.php?rest_route=\/wp\/v2\/users\/1"}],"replies":[{"embeddable":true,"href":"https:\/\/karin-zehrer.de\/index.php?rest_route=%2Fwp%2Fv2%2Fcomments&post=41"}],"version-history":[{"count":10,"href":"https:\/\/karin-zehrer.de\/index.php?rest_route=\/wp\/v2\/pages\/41\/revisions"}],"predecessor-version":[{"id":109,"href":"https:\/\/karin-zehrer.de\/index.php?rest_route=\/wp\/v2\/pages\/41\/revisions\/109"}],"wp:attachment":[{"href":"https:\/\/karin-zehrer.de\/index.php?rest_route=%2Fwp%2Fv2%2Fmedia&parent=41"}],"curies":[{"name":"wp","href":"https:\/\/api.w.org\/{rel}","templated":true}]}}